{"id":2583,"date":"2025-08-25T12:25:22","date_gmt":"2025-08-25T10:25:22","guid":{"rendered":"https:\/\/www.castellperalada.com\/politica-de-cookies\/"},"modified":"2025-10-20T14:53:16","modified_gmt":"2025-10-20T12:53:16","slug":"politica-de-cookies","status":"publish","type":"page","link":"https:\/\/www.castellperalada.com\/ca\/politica-de-cookies\/","title":{"rendered":"Pol\u00edtica de Cookies"},"content":{"rendered":"\t\t<div data-elementor-type=\"wp-page\" data-elementor-id=\"2583\" class=\"elementor elementor-2583 elementor-53\" data-elementor-post-type=\"page\">\n\t\t\t\t<div data-particle_enable=\"false\" data-particle-mobile-disabled=\"false\" class=\"elementor-element elementor-element-9fcf215 e-flex e-con-boxed e-con e-parent\" data-id=\"9fcf215\" data-element_type=\"container\" data-e-type=\"container\" data-settings=\"{&quot;background_background&quot;:&quot;classic&quot;}\">\n\t\t\t\t\t<div class=\"e-con-inner\">\n\t\t\t\t<div class=\"elementor-element elementor-element-62591d6 main-title animated-slow elementor-invisible elementor-widget elementor-widget-heading\" data-id=\"62591d6\" data-element_type=\"widget\" data-e-type=\"widget\" data-settings=\"{&quot;_animation&quot;:&quot;fadeInRight&quot;,&quot;_animation_delay&quot;:200}\" data-widget_type=\"heading.default\">\n\t\t\t\t\t<h1 class=\"elementor-heading-title elementor-size-default\">Pol\u00edtica de Cookies<\/h1>\t\t\t\t<\/div>\n\t\t\t\t\t<\/div>\n\t\t\t\t<\/div>\n\t\t<div data-particle_enable=\"false\" data-particle-mobile-disabled=\"false\" class=\"elementor-element elementor-element-55c2f15 legal-content-container e-flex e-con-boxed e-con e-parent\" data-id=\"55c2f15\" data-element_type=\"container\" data-e-type=\"container\">\n\t\t\t\t\t<div class=\"e-con-inner\">\n\t\t\t\t<div class=\"elementor-element elementor-element-8d37926 elementor-widget elementor-widget-text-editor\" data-id=\"8d37926\" data-element_type=\"widget\" data-e-type=\"widget\" data-widget_type=\"text-editor.default\">\n\t\t\t\t\t\t\t\t\t<p>Gran part de les p\u00e0gines web utilitzen cookies, principalment per a millorar l&#8217;experi\u00e8ncia de l&#8217;usuari. En general les cookies no poden perjudicar l&#8217;equip que les emmagatzema, per\u00f2 alguns usuaris prefereixen bloquejar-les i esborrar les ja instal\u00b7lades. Perqu\u00e8 pugui decidir qu\u00e8 fer amb elles, li expliquem qu\u00e8 s\u00f3n les cookies, quin tipus utilitzem a la nostra web i com configurar els seus ajustos.  <\/p>\n<p>Mitjan\u00e7ant la nostra eina de configuraci\u00f3 i consentiment de cookies pot seleccionar quines cookies desitja instal\u00b7lar, acceptar-les totes o rebutjar-les, excepte les estrictament necess\u00e0ries pel funcionament de la p\u00e0gina web.<\/p>\n<h2>Qu\u00e8 \u00e9s una cookie?<\/h2>\n<p>Les cookies s\u00f3n cadenes d&#8217;informaci\u00f3 que es guarden en el seu ordinador de sobretaula, port\u00e0til o dispositiu m\u00f2bil quan visita un lloc web. Una vegada guardades, quan torni a visitar aquest lloc web, el seu navegador tornar\u00e1 a enviar aquestes cookies a aquest lloc web o a un altre que reconegui aquestes cookies. <\/p>\n<p>Pot trobar m\u00e9s informaci\u00f3 sobre les cookies a:<\/p>\n<p><a href=\"http:\/\/www.w3schools.com\/ASP\/asp_cookies.asp\" target=\"_blank\" rel=\"noopener\">https:\/\/www.w3schools.com\/ASP\/asp_cookies.asp<\/a><\/p>\n<p><a href=\"http:\/\/www.allaboutcookies.org\/es\/galletas\/\" target=\"_blank\" rel=\"noopener\">https:\/\/www.allaboutcookies.org\/es\/galletas\/<\/a><\/p>\n<h2>Altres tecnologies similars<\/h2>\n<h3>\u201cP\u00edxels\u201d o \u201cWeb Beacons\u201d<\/h3>\n<p>Es tracta de tecnologies similars a les cookies. En concret, el P\u00edxel o Web Beacon \u00e9s un petit fitxer gr\u00e0fic que ens permet controlar l&#8217;\u00fas de les nostres p\u00e0gines web, aix\u00ed com utilitzar-ho amb finalitats publicit\u00e0ries. \u00c9s possible que aquests arxius recopilin informaci\u00f3 com l&#8217;adre\u00e7a IP de l&#8217;ordinador que descarrega la p\u00e0gina en la qual es troba el p\u00edxel o web beacon, la URL de la p\u00e0gina en la qual apareix el p\u00edxel o web beacon, el temps de visita a la p\u00e0gina que cont\u00e9 el p\u00edxel de seguiment, el tipus de navegador que rep aquest p\u00edxel o web beacon i el n\u00famero d&#8217;identificaci\u00f3 de qualsevol cookie de l&#8217;ordinador instal\u00b7lada anteriorment per aquest servidor.  <\/p>\n<h3>Fingerprint o empremta digital<\/h3>\n<p>A banda de la informaci\u00f3 recaptada a trav\u00e9s dels P\u00edxels o Web Beacons podem utilitzar altres t\u00e8cniques similars a les Cookies com el fingerprint o l&#8217;empremta digital. Aquestes eines s\u00f3n utilitzades per identificar i realitzar un seguiment de l&#8217;activitat realitzada per l&#8217;usuari i realitzar un perfilat del mateix a trav\u00e9s de la informaci\u00f3 recaptada, entre la qual es troba, per exemple, l&#8217;adre\u00e7a IP, navegador, resoluci\u00f3 de la pantalla, sistema operatiu, idioma utilitzat, zona hor\u00e0ria, etc. <\/p>\n<p>En qualsevol cas, la seva finalitat \u00e9s similar a la de les cookies, per la qual cosa d&#8217;ara endavant quan es faci refer\u00e8ncia a les cookies s&#8217;inclour\u00e0 tamb\u00e9 els p\u00edxels o web beacons.<\/p>\n<p>A continuaci\u00f3 li expliquem els diferents tipus de cookies que existeixen i que podem utilitzar a la nostra p\u00e0gina web, sense perjudici de la informaci\u00f3 a la qual pugui accedir mitjan\u00e7ant la pr\u00f2pia eina, prement el bot\u00f3 \u201cMostrar detalls\u201d, on trobar\u00e0 el detall de les quals s&#8217;instal\u00b7len a cada moment:<\/p>\n<h3>Quines cookies utilitzem a la nostra web?<\/h3>\n<h3>Segons la durada de les cookies:<\/h3>\n<p><strong>Cookies de sessi\u00f3<\/strong>&nbsp; s\u00f3n cookies temporals que romanen a l&#8217;arxiu de cookies del navegador fins que abandona la web i no queden registrades en el disc dur del seu dispositiu. La informaci\u00f3 obtinguda per mitj\u00e0 d&#8217;aquestes cookies serveix per analitzar pautes de tr\u00e0nsit a la web. A la llarga permeten proporcionar una millor experi\u00e8ncia per millorar el contingut i facilitar el seu \u00fas.  <\/p>\n<p><strong>Cookies permanents<\/strong>&nbsp; Queden emmagatzemades al disc dur i la web les llegeix cada vegada que torna a visitar la p\u00e0gina. Una cookie d&#8217;aquest tipus posseeix una data de caducitat determinada. La cookie deixar\u00e0 de funcionar despr\u00e9s d&#8217;aquesta data.  <\/p>\n<p>Aix\u00ed mateix, les cookies poden ser &nbsp;<strong>\u201cpr\u00f2pies\u201d<\/strong> o de &nbsp;<strong>\u201ctercers\u201d<\/strong>. Les primeres s\u00f3n aquelles que s&#8217;envien a l&#8217;ordinador de l&#8217;usuari des d&#8217;un equip o domini gestionat per nosaltres, mentre que les cookies de \u201ctercers\u201d s\u00f3n aquelles que s&#8217;envien a l&#8217;ordinador de l&#8217;usuari des d&#8217;un equip o domini gestionat pels prove\u00efdors de serveis contractats (per exemple, el servei d&#8217;anal\u00edtica web).<\/p>\n<h2>Segons la finalitat de les cookies:<\/h2>\n<h3>Cookies t\u00e8cniques d&#8217;\u00fas intern i cookies funcionals<\/h3>\n<p>Aquesta web utilitza cookies d&#8217;\u00fas intern imprescindibles pel funcionament de la web, com per exemple aquelles que permeten l&#8217;autenticaci\u00f3 o el manteniment de la sessi\u00f3 de l&#8217;usuari registrat quan navega per la p\u00e0gina, i que s\u00f3n necess\u00e0ries pel funcionament de la p\u00e0gina web.<\/p>\n<p>Aix\u00ed mateix, instal\u00b7lem cookies funcionals que milloren la usabilitat de la p\u00e0gina web, i permeten determinades funcionalitats addicionals, ja siguin de personalitzaci\u00f3 com l&#8217;elecci\u00f3 de l&#8217;idioma, o de seguretat i optimitzaci\u00f3 del funcionament de la p\u00e0gina web. La desactivaci\u00f3 d&#8217;aquestes cookies impedeix el funcionament correcte d&#8217;aquestes funcionalitats de la web i, per tant, \u00e9s possible que no pugui utilitzar-les o navegar correctament. <\/p>\n<h3>Cookies de funcions de xarxes socials<\/h3>\n<p>La nostra p\u00e0gina web incorpora espais i continguts en els quals s&#8217;han incl\u00f2s botons socials perqu\u00e8 els usuaris puguin compartir els nostres continguts a les xarxes socials.<\/p>\n<p>No controlem les cookies que instal\u00b7la cada xarxa social, encara que aquestes acostumen a ser t\u00e8cniques pel control de l&#8217;inici de sessi\u00f3 o mostrar el comptador que indica quantes vegades s&#8217;ha compartit un determinat contingut.<\/p>\n<p>Recomanem a tots els usuaris que revisin les condicions de privacitat i cookies de cada xarxa social, i en el seu cas, que modifiquin els par\u00e0metres de privacitat en cadascuna d&#8217;elles per a limitar les finalitats de rastreig que, en el seu cas, puguin dur a terme.<\/p>\n<p>Com que aquestes cookies \u00fanicament s&#8217;instal\u00b7len o executen si l&#8217;usuari fa \u00fas d&#8217;aquesta funcionalitat, s\u00f3n considerades t\u00e8cniques i no poden bloquejar-se.<\/p>\n<h3>Cookies Anal\u00edtiques<\/h3>\n<p>Aquesta web utilitza cookies anal\u00edtiques per recaptar estad\u00edstiques sobre l&#8217;activitat de l&#8217;usuari a la web i l&#8217;activitat general d&#8217;aquesta. La informaci\u00f3 recopilada permet optimitzar la navegaci\u00f3 per la nostra p\u00e0gina web i garantir el millor servei a l&#8217;usuari, coneixent per exemple el nombre de p\u00e0gines visitades, l&#8217;idioma utilitzat, la freq\u00fc\u00e8ncia i reincid\u00e8ncia de les visites, el temps de les visites o el navegador utilitzat, entre altres. L&#8217;usuari pot excloure la seva activitat mitjan\u00e7ant el nostre configurador de Cookies, els sistemes d&#8217;exclusi\u00f3 facilitats per les eines anal\u00edtiques o per la pr\u00f2pia configuraci\u00f3 del seu navegador.  <\/p>\n<h3>Cookies Publicit\u00e0ries<\/h3>\n<p>S\u00f3n cookies emmagatzemades per terceres parts que gestionen els espais publicitaris que els usuaris visualitzen en accedir a aquesta web. Aquestes cookies permeten mesurar l&#8217;efectivitat de les nostres campanyes online, proporcionar a l&#8217;usuari informaci\u00f3 del seu inter\u00e8s i oferir-li continguts publicitaris de la seva prefer\u00e8ncia. <\/p>\n<h2>M\u00e9s informaci\u00f3<\/h2>\n<p>Pot obtenir m\u00e9s informaci\u00f3 sobre les cookies exactes que utilitzem al nostre lloc web mitjan\u00e7ant la nostra eina de configuraci\u00f3 de cookies, prement en el bot\u00f3 \u201cMostrar detalls\u201d, on a m\u00e9s podr\u00e0 seleccionar i configurar quines cookies permet que instal\u00b7lem.<\/p>\n<p>Aquesta eina es mostra a tots els usuaris en la seva primera visita a la web, i \u00e9s accessible en tot moment a la part inferior de la p\u00e0gina.<\/p>\n<h2>Com configurar els ajustos sobre cookies<\/h2>\n<p>Pot administrar i controlar la configuraci\u00f3 de les seves cookies de diverses maneres.<\/p>\n<p>No oblidi que si esborra o bloqueja cookies, algunes o totes les p\u00e0gines web que visiti (o funcions d&#8217;aquestes p\u00e0gines) podrien no funcionar de manera correcta o amb la mateixa efic\u00e0cia que abans.<\/p>\n<p>Si desactiva les nostres cookies t\u00e8cniques o si esborra totes les cookies, no es guardaran les seves prefer\u00e8ncies i se l&#8217;informar\u00e0 sobre les nostres cookies cada vegada que visiti la nostra web. Pot configurar-les des de la nostra eina de consentiment, el seu navegador web, aix\u00ed com des de les p\u00e0gines web d&#8217;aquells tercers que instal\u00b7lin cookies en el seu dispositiu a trav\u00e9s de les nostres p\u00e0gines web. <\/p>\n<h3>1. Configurar les Cookies mitjan\u00e7ant la nostra eina de consentiment<\/h3>\n<p>Hem implementat una eina que li permet obtenir informaci\u00f3 sobre les cookies que instal\u00b7la la nostra p\u00e0gina web, en la qual trobar\u00e0 la seg\u00fcent informaci\u00f3:<\/p>\n<ul>\n<li>Nom de la cookie: \u00c9s el nom t\u00e8cnic d&#8217;aquesta, i li serveix per poder identificar-la i localitzar-la en el seu navegador si la volgu\u00e9s, per exemple, eliminar manualment.<\/li>\n<li>Domini: Indica l&#8217;origen de la cookie, i per tant si \u00e9s pr\u00f2pia (perqu\u00e8 s&#8217;origina en un domini de la nostra titularitat), o si \u00e9s de tercers (perqu\u00e8 s&#8217;origina en dominis aliens).<\/li>\n<li>Venciment: \u00c9s el termini durant el qual cada cookie romandr\u00e0 instal\u00b7lada en el seu dispositiu.<\/li>\n<li>Descripci\u00f3: Indica la finalitat i funcionalitat d&#8217;aquesta cookie en concret.<\/li>\n<\/ul>\n<p>Mitjan\u00e7ant aquesta eina, l&#8217;usuari podr\u00e0 pr\u00e9mer \u201cAcceptar cookies\u201d, \u00e9s a dir, acceptar-les totes; \u201cNo acceptar cookies\u201d, \u00e9s a dir, rebutjar-les totes; o seleccionar d&#8217;entre les opcions disponibles aquelles que desitja permetre instal\u00b7lar i aquelles que no.<\/p>\n<p>Aix\u00ed mateix, podr\u00e0 canviar la seva elecci\u00f3 en qualsevol moment prement en el bot\u00f3 \u201cConfiguraci\u00f3 de cookies\u201d que trobar\u00e0 al peu de la nostra p\u00e0gina web, i que estar\u00e0 disponible en tot moment durant la seva navegaci\u00f3.<\/p>\n<h3>2. Deshabilitar cookies des del seu navegador web<\/h3>\n<p>La majoria dels navegadors web li proporcionen informaci\u00f3 sobre les cookies, permetent-li veure quines cookies t\u00e9 instal\u00b7lades, esborrar-les totes o per separat, i permetent-li bloquejar o permetre cookies de totes les p\u00e0gines web o d&#8217;algunes que seleccioni.<\/p>\n<p>Aix\u00ed mateix, pot deshabilitar cookies publicit\u00e0ries de tercers per separat.<\/p>\n<p>Tingui en compte que, si configura els seus ajustos de cookies des del seu navegador web, els canvis afectaran a totes les p\u00e0gines web que visiti (no \u00fanicament les nostres), tret que esborri o bloquegi cada cookie per separat.<\/p>\n<p>Trobar\u00e0 informaci\u00f3 sobre cookies a l&#8217;apartat \u201cAjuda&#8221; del seu navegador web. Li expliquem com accedir a la configuraci\u00f3 de les cookies dels navegadors m\u00e9s utilitzats. <\/p>\n<ul>\n<li>Google: &nbsp;<a href=\"http:\/\/support.google.com\/chrome\/bin\/answer.py?hl=es&amp;answer=95647\" target=\"_blank\" rel=\"noopener\">https:\/\/support.google.com\/chrome\/answer\/95647?hl=ca&amp;sjid=5400929044047651279-EU<\/a><\/li>\n<li>Firefox: &nbsp;<a href=\"http:\/\/support.mozilla.org\/es\/kb\/cookies-informacion-que-los-sitios-web-guardan-en-\" target=\"_blank\" rel=\"noopener\">https:\/\/support.mozilla.org\/es\/kb\/cookies-informacion-que-los-sitios-web-guardan-en-<\/a><\/li>\n<li>Safari: &nbsp;<a href=\"http:\/\/support.apple.com\/kb\/HT1677?viewlocale=es_ES\" target=\"_blank\" rel=\"noopener\">https:\/\/support.apple.com\/kb\/HT1677?viewlocale=es_ES<\/a><\/li>\n<li>Opera: &nbsp;<a href=\"http:\/\/help.opera.com\/Windows\/11.50\/es-ES\/cookies.html\" target=\"_blank\" rel=\"noopener\">https:\/\/help.opera.com\/Windows\/11.50\/es-ES\/cookies.html<\/a><\/li>\n<li>Google Android: Men\u00fa &gt; M\u00e9s &gt; Ajustos &gt; Ajustos de privacitat.<\/li>\n<\/ul>\n<h3>3. Utilitzar eines de tercers o navegadors<\/h3>\n<p>Existeixen eines, normalment gratu\u00eftes, que permeten a l&#8217;usuari bloquejar les cookies de les p\u00e0gines web, o seleccionar en quines p\u00e0gines desitja permetre la seva instal\u00b7laci\u00f3.<\/p>\n<p>Aquestes eines s\u00f3n conegudes com a eines \u201cDo Not Track\u201d, i pot trobar-les a la majoria de navegadors existents.<\/p>\n<p>Aquestes eines s\u00f3n conegudes com a eines \u201cDo Not Track\u201d, i pot trobar-les a la majoria de navegadors existents.<\/p>\n<h3>4. Conseq\u00fc\u00e8ncies de l&#8217;esborrat de cookies<\/h3>\n<p>Si en qualsevol moment elimin\u00e9s les cookies del seu navegador o dispositiu, tingui en compte que les seves prefer\u00e8ncies i configuraci\u00f3 de cookies tamb\u00e9 s&#8217;eliminar\u00e0.<\/p>\n<p>En qualsevol cas, en tornar a visitar la nostra p\u00e0gina web, tornarem a sol\u00b7licitar el seu consentiment per a la seva instal\u00b7laci\u00f3.<\/p>\n<h2>Actualitzaci\u00f3 de la informaci\u00f3<\/h2>\n<p>Podem canviar les cookies que instal\u00b7lem al nostre lloc web en qualsevol moment, aix\u00ed com el contingut de la present Pol\u00edtica de Cookies, per la qual cosa recomanem a tots els nostres usuaris que accedeixin a aquesta informaci\u00f3 de manera regular.<\/p>\n<p>Sempre que sigui necessari un nou consentiment, tornar\u00e0 a apar\u00e8ixer l&#8217;eina de configuraci\u00f3 de cookies.<\/p>\n<h2>Pol\u00edtica de privacitat<\/h2>\n<p>Per a obtenir m\u00e9s informaci\u00f3 sobre el tractament de les dades personals, aix\u00ed com per a exercir els seus drets, pot accedir a la nostra Pol\u00edtica de Privacitat, disponible al peu de la nostra p\u00e0gina web. <br><\/p>\t\t\t\t\t\t\t\t<\/div>\n\t\t\t\t\t<\/div>\n\t\t\t\t<\/div>\n\t\t\t\t<\/div>\n\t\t","protected":false},"excerpt":{"rendered":"<p>Pol\u00edtica de Cookies Gran part de les p\u00e0gines web utilitzen cookies, principalment per a millorar l&#8217;experi\u00e8ncia de l&#8217;usuari. En general les cookies no poden perjudicar l&#8217;equip que les emmagatzema, per\u00f2 alguns usuaris prefereixen bloquejar-les i esborrar les ja instal\u00b7lades. Perqu\u00e8 pugui decidir qu\u00e8 fer amb elles, li expliquem qu\u00e8 s\u00f3n les cookies, quin tipus utilitzem [&hellip;]<\/p>\n","protected":false},"author":1,"featured_media":0,"parent":0,"menu_order":0,"comment_status":"closed","ping_status":"closed","template":"","meta":{"footnotes":""},"class_list":["post-2583","page","type-page","status-publish","hentry"],"_links":{"self":[{"href":"https:\/\/www.castellperalada.com\/ca\/wp-json\/wp\/v2\/pages\/2583","targetHints":{"allow":["GET"]}}],"collection":[{"href":"https:\/\/www.castellperalada.com\/ca\/wp-json\/wp\/v2\/pages"}],"about":[{"href":"https:\/\/www.castellperalada.com\/ca\/wp-json\/wp\/v2\/types\/page"}],"author":[{"embeddable":true,"href":"https:\/\/www.castellperalada.com\/ca\/wp-json\/wp\/v2\/users\/1"}],"replies":[{"embeddable":true,"href":"https:\/\/www.castellperalada.com\/ca\/wp-json\/wp\/v2\/comments?post=2583"}],"version-history":[{"count":0,"href":"https:\/\/www.castellperalada.com\/ca\/wp-json\/wp\/v2\/pages\/2583\/revisions"}],"wp:attachment":[{"href":"https:\/\/www.castellperalada.com\/ca\/wp-json\/wp\/v2\/media?parent=2583"}],"curies":[{"name":"wp","href":"https:\/\/api.w.org\/{rel}","templated":true}]}}